{"id":13,"date":"2019-12-30T11:35:09","date_gmt":"2019-12-30T11:35:09","guid":{"rendered":"https:\/\/el39.pl\/?page_id=13"},"modified":"2019-12-30T12:24:31","modified_gmt":"2019-12-30T12:24:31","slug":"elementor-13","status":"publish","type":"page","link":"https:\/\/www.el39.pl\/","title":{"rendered":"Elementor #13"},"content":{"rendered":"\t\t<div data-elementor-type=\"wp-page\" data-elementor-id=\"13\" class=\"elementor elementor-13\">\n\t\t\t\t\t\t<section class=\"elementor-section elementor-top-section elementor-element elementor-element-269d786 elementor-section-boxed elementor-section-height-default elementor-section-height-default\" data-id=\"269d786\" data-element_type=\"section\" data-e-type=\"section\">\n\t\t\t\t\t\t<div class=\"elementor-container elementor-column-gap-default\">\n\t\t\t\t\t<div class=\"elementor-column elementor-col-100 elementor-top-column elementor-element elementor-element-0db02ba\" data-id=\"0db02ba\" data-element_type=\"column\" data-e-type=\"column\">\n\t\t\t<div class=\"elementor-widget-wrap\">\n\t\t\t\t\t\t\t<\/div>\n\t\t<\/div>\n\t\t\t\t\t<\/div>\n\t\t<\/section>\n\t\t\t\t<section class=\"elementor-section elementor-top-section elementor-element elementor-element-ea7f90b elementor-section-boxed elementor-section-height-default elementor-section-height-default\" data-id=\"ea7f90b\" data-element_type=\"section\" data-e-type=\"section\">\n\t\t\t\t\t\t<div class=\"elementor-container elementor-column-gap-default\">\n\t\t\t\t\t<div class=\"elementor-column elementor-col-100 elementor-top-column elementor-element elementor-element-24e04c0\" data-id=\"24e04c0\" data-element_type=\"column\" data-e-type=\"column\">\n\t\t\t<div class=\"elementor-widget-wrap elementor-element-populated\">\n\t\t\t\t\t\t<div class=\"elementor-element elementor-element-e810410 elementor-widget elementor-widget-heading\" data-id=\"e810410\" data-element_type=\"widget\" data-e-type=\"widget\" data-widget_type=\"heading.default\">\n\t\t\t\t<div class=\"elementor-widget-container\">\n\t\t\t\t\t<h2 class=\"elementor-heading-title elementor-size-default\">O firmie<\/h2>\t\t\t\t<\/div>\n\t\t\t\t<\/div>\n\t\t\t\t<div class=\"elementor-element elementor-element-eb1754a elementor-widget elementor-widget-text-editor\" data-id=\"eb1754a\" data-element_type=\"widget\" data-e-type=\"widget\" data-widget_type=\"text-editor.default\">\n\t\t\t\t<div class=\"elementor-widget-container\">\n\t\t\t\t\t\t\t\t\t<p>Firma rozpocz\u0119\u0142a dzia\u0142alno\u015b\u0107 w 2019 roku, na bazie 20 lat do\u015bwiadcze\u0144 zdobytych podczas realizacji wielu projekt\u00f3w. Zdobyt\u0105 wiedz\u0119 i do\u015bwiadczenie wykorzystujemy dla dobra naszych Klient\u00f3w. Celem firmy jest zapewnienie najwy\u017cszej jako\u015bci realizowanych projekt\u00f3w. Staramy si\u0119 nieustanie poszerza\u0107 nasz\u0105 ofert\u0119 w oparciu zdobyte do\u015bwiadczenia i umiej\u0119tno\u015bci oraz poprzez szkolenia w dziedzinie nowych technologii i najnowocze\u015bniejszych rozwi\u0105za\u0144 technicznych.<\/p>\t\t\t\t\t\t\t\t<\/div>\n\t\t\t\t<\/div>\n\t\t\t\t\t<\/div>\n\t\t<\/div>\n\t\t\t\t\t<\/div>\n\t\t<\/section>\n\t\t\t\t<section class=\"elementor-section elementor-top-section elementor-element elementor-element-cf234c1 elementor-section-boxed elementor-section-height-default elementor-section-height-default\" data-id=\"cf234c1\" data-element_type=\"section\" data-e-type=\"section\">\n\t\t\t\t\t\t<div class=\"elementor-container elementor-column-gap-default\">\n\t\t\t\t\t<div class=\"elementor-column elementor-col-50 elementor-top-column elementor-element elementor-element-0f27002\" data-id=\"0f27002\" data-element_type=\"column\" data-e-type=\"column\">\n\t\t\t<div class=\"elementor-widget-wrap elementor-element-populated\">\n\t\t\t\t\t\t<div class=\"elementor-element elementor-element-f7b929b elementor-widget elementor-widget-image\" data-id=\"f7b929b\" data-element_type=\"widget\" data-e-type=\"widget\" data-widget_type=\"image.default\">\n\t\t\t\t<div class=\"elementor-widget-container\">\n\t\t\t\t\t\t\t\t\t\t\t\t\t\t\t<img fetchpriority=\"high\" decoding=\"async\" width=\"750\" height=\"563\" src=\"https:\/\/www.el39.pl\/wp-content\/uploads\/2019\/12\/distributor-1981647_1280-1024x768.jpg\" class=\"attachment-large size-large wp-image-29\" alt=\"\" srcset=\"https:\/\/www.el39.pl\/wp-content\/uploads\/2019\/12\/distributor-1981647_1280-1024x768.jpg 1024w, https:\/\/www.el39.pl\/wp-content\/uploads\/2019\/12\/distributor-1981647_1280-300x225.jpg 300w, https:\/\/www.el39.pl\/wp-content\/uploads\/2019\/12\/distributor-1981647_1280-768x576.jpg 768w, https:\/\/www.el39.pl\/wp-content\/uploads\/2019\/12\/distributor-1981647_1280.jpg 1280w\" sizes=\"(max-width: 750px) 100vw, 750px\" \/>\t\t\t\t\t\t\t\t\t\t\t\t\t\t\t<\/div>\n\t\t\t\t<\/div>\n\t\t\t\t\t<\/div>\n\t\t<\/div>\n\t\t\t\t<div class=\"elementor-column elementor-col-50 elementor-top-column elementor-element elementor-element-a0f43ac\" data-id=\"a0f43ac\" data-element_type=\"column\" data-e-type=\"column\">\n\t\t\t<div class=\"elementor-widget-wrap elementor-element-populated\">\n\t\t\t\t\t\t<div class=\"elementor-element elementor-element-204e2e8 elementor-widget elementor-widget-heading\" data-id=\"204e2e8\" data-element_type=\"widget\" data-e-type=\"widget\" data-widget_type=\"heading.default\">\n\t\t\t\t<div class=\"elementor-widget-container\">\n\t\t\t\t\t<h2 class=\"elementor-heading-title elementor-size-default\">Oferta<\/h2>\t\t\t\t<\/div>\n\t\t\t\t<\/div>\n\t\t\t\t<div class=\"elementor-element elementor-element-de8d90e elementor-widget elementor-widget-text-editor\" data-id=\"de8d90e\" data-element_type=\"widget\" data-e-type=\"widget\" data-widget_type=\"text-editor.default\">\n\t\t\t\t<div class=\"elementor-widget-container\">\n\t\t\t\t\t\t\t\t\t<p>Firma oferuje szeroki zakres realizacji dokumentacji projektowych:<br \/>\u2714 Projekty napowietrznych i kablowych sieci elektroenergetycznych SN i nN;<br \/>\u2714 Projekty o\u015bwietlenie zewn\u0119trznego i drogowego;<br \/>\u2714 Projekty stacji transformatorowych SN\/nN;<br \/>\u2714 Projekty instalacji elektrycznych wewn\u0119trznych obiekt\u00f3w mieszkalnych jedno i<br \/>wielorodzinnych, osiedli mieszkaniowych, obiekt\u00f3w us\u0142ugowych i u\u017cyteczno\u015bci publicznej, obiekt\u00f3w biurowych i przemys\u0142owych, obiekt\u00f3w rozrywkowych i sakralnych oraz obiekt\u00f3w medycznych;<br \/>\u2714 Projekty przebudowy i adaptacji istniej\u0105cych obiekt\u00f3w budowlanych;<br \/>\u2714 Projekty zasilania awaryjnego (agregaty, UPS-y);<br \/>\u2714 Projekty instalacji fotowoltaicznych.<br \/>Firma realizuje projekty pocz\u0105wszy od uzyskania warunk\u00f3w przy\u0142\u0105czenia, poprzez uzgodnienia lokalizacyjne i bran\u017cowe, a\u017c do uzyskania prawomocnego pozwolenia na budow\u0119. <br \/>Firma gwarantuje terminow\u0105 realizacje powierzonych zada\u0144. Wysoki poziom opracowa\u0144<br \/>technicznych gwarantuj\u0105 do\u015bwiadczeni projektanci, posiadaj\u0105cy uprawnienia bez ogranicze\u0144 do pe\u0142nienia samodzielnych funkcji technicznych w budownictwie.<br \/>Firma realizuje projekty na zlecenie Inwestor\u00f3w prywatnych, instytucji publicznych oraz Zak\u0142ad\u00f3w Energetycznych.<\/p>\t\t\t\t\t\t\t\t<\/div>\n\t\t\t\t<\/div>\n\t\t\t\t\t<\/div>\n\t\t<\/div>\n\t\t\t\t\t<\/div>\n\t\t<\/section>\n\t\t\t\t<section class=\"elementor-section elementor-top-section elementor-element elementor-element-d70be79 elementor-section-boxed elementor-section-height-default elementor-section-height-default\" data-id=\"d70be79\" data-element_type=\"section\" data-e-type=\"section\">\n\t\t\t\t\t\t<div class=\"elementor-container elementor-column-gap-default\">\n\t\t\t\t\t<div class=\"elementor-column elementor-col-33 elementor-top-column elementor-element elementor-element-3f4bf1d\" data-id=\"3f4bf1d\" data-element_type=\"column\" data-e-type=\"column\">\n\t\t\t<div class=\"elementor-widget-wrap elementor-element-populated\">\n\t\t\t\t\t\t<div class=\"elementor-element elementor-element-d2c864d elementor-view-default elementor-position-block-start elementor-mobile-position-block-start elementor-widget elementor-widget-icon-box\" data-id=\"d2c864d\" data-element_type=\"widget\" data-e-type=\"widget\" data-widget_type=\"icon-box.default\">\n\t\t\t\t<div class=\"elementor-widget-container\">\n\t\t\t\t\t\t\t<div class=\"elementor-icon-box-wrapper\">\n\n\t\t\t\t\t\t<div class=\"elementor-icon-box-icon\">\n\t\t\t\t<span  class=\"elementor-icon\">\n\t\t\t\t<i aria-hidden=\"true\" class=\"fas fa-phone-square-alt\"><\/i>\t\t\t\t<\/span>\n\t\t\t<\/div>\n\t\t\t\n\t\t\t\t\t\t<div class=\"elementor-icon-box-content\">\n\n\t\t\t\t\t\t\t\t\t<h3 class=\"elementor-icon-box-title\">\n\t\t\t\t\t\t<span  >\n\t\t\t\t\t\t\t600-979-882\t\t\t\t\t\t<\/span>\n\t\t\t\t\t<\/h3>\n\t\t\t\t\n\t\t\t\t\n\t\t\t<\/div>\n\t\t\t\n\t\t<\/div>\n\t\t\t\t\t\t<\/div>\n\t\t\t\t<\/div>\n\t\t\t\t\t<\/div>\n\t\t<\/div>\n\t\t\t\t<div class=\"elementor-column elementor-col-33 elementor-top-column elementor-element elementor-element-d640a67\" data-id=\"d640a67\" data-element_type=\"column\" data-e-type=\"column\">\n\t\t\t<div class=\"elementor-widget-wrap elementor-element-populated\">\n\t\t\t\t\t\t<div class=\"elementor-element elementor-element-bb1f097 elementor-view-default elementor-position-block-start elementor-mobile-position-block-start elementor-widget elementor-widget-icon-box\" data-id=\"bb1f097\" data-element_type=\"widget\" data-e-type=\"widget\" data-widget_type=\"icon-box.default\">\n\t\t\t\t<div class=\"elementor-widget-container\">\n\t\t\t\t\t\t\t<div class=\"elementor-icon-box-wrapper\">\n\n\t\t\t\t\t\t<div class=\"elementor-icon-box-icon\">\n\t\t\t\t<span  class=\"elementor-icon\">\n\t\t\t\t<i aria-hidden=\"true\" class=\"far fa-building\"><\/i>\t\t\t\t<\/span>\n\t\t\t<\/div>\n\t\t\t\n\t\t\t\t\t\t<div class=\"elementor-icon-box-content\">\n\n\t\t\t\t\t\t\t\t\t<h3 class=\"elementor-icon-box-title\">\n\t\t\t\t\t\t<span  >\n\t\t\t\t\t\t\tEL 39 Tomasz Mania\t\t\t\t\t\t<\/span>\n\t\t\t\t\t<\/h3>\n\t\t\t\t\n\t\t\t\t\t\t\t\t\t<p class=\"elementor-icon-box-description\">\n\t\t\t\t\t\tBiuro projekt\u00f3w bran\u017cy elektrycznej<br>\nUl. Elf\u00f3w 3\/9<br>\n43-100 TYCHY<br>\nNIP: 576-127-59-83<br>\n\n\t\t\t\t\t<\/p>\n\t\t\t\t\n\t\t\t<\/div>\n\t\t\t\n\t\t<\/div>\n\t\t\t\t\t\t<\/div>\n\t\t\t\t<\/div>\n\t\t\t\t\t<\/div>\n\t\t<\/div>\n\t\t\t\t<div class=\"elementor-column elementor-col-33 elementor-top-column elementor-element elementor-element-6f94cb0\" data-id=\"6f94cb0\" data-element_type=\"column\" data-e-type=\"column\">\n\t\t\t<div class=\"elementor-widget-wrap elementor-element-populated\">\n\t\t\t\t\t\t<div class=\"elementor-element elementor-element-4c43c7f elementor-view-default elementor-position-block-start elementor-mobile-position-block-start elementor-widget elementor-widget-icon-box\" data-id=\"4c43c7f\" data-element_type=\"widget\" data-e-type=\"widget\" data-widget_type=\"icon-box.default\">\n\t\t\t\t<div class=\"elementor-widget-container\">\n\t\t\t\t\t\t\t<div class=\"elementor-icon-box-wrapper\">\n\n\t\t\t\t\t\t<div class=\"elementor-icon-box-icon\">\n\t\t\t\t<span  class=\"elementor-icon\">\n\t\t\t\t<i aria-hidden=\"true\" class=\"far fa-envelope\"><\/i>\t\t\t\t<\/span>\n\t\t\t<\/div>\n\t\t\t\n\t\t\t\t\t\t<div class=\"elementor-icon-box-content\">\n\n\t\t\t\t\t\t\t\t\t<h3 class=\"elementor-icon-box-title\">\n\t\t\t\t\t\t<span  >\n\t\t\t\t\t\t\ttmania@el39.pl\t\t\t\t\t\t<\/span>\n\t\t\t\t\t<\/h3>\n\t\t\t\t\n\t\t\t\t\n\t\t\t<\/div>\n\t\t\t\n\t\t<\/div>\n\t\t\t\t\t\t<\/div>\n\t\t\t\t<\/div>\n\t\t\t\t\t<\/div>\n\t\t<\/div>\n\t\t\t\t\t<\/div>\n\t\t<\/section>\n\t\t\t\t<section class=\"elementor-section elementor-top-section elementor-element elementor-element-0e1f79b elementor-section-full_width elementor-section-height-default elementor-section-height-default\" data-id=\"0e1f79b\" data-element_type=\"section\" data-e-type=\"section\">\n\t\t\t\t\t\t<div class=\"elementor-container elementor-column-gap-default\">\n\t\t\t\t\t<div class=\"elementor-column elementor-col-100 elementor-top-column elementor-element elementor-element-a9eff8c\" data-id=\"a9eff8c\" data-element_type=\"column\" data-e-type=\"column\">\n\t\t\t<div class=\"elementor-widget-wrap elementor-element-populated\">\n\t\t\t\t\t\t<div class=\"elementor-element elementor-element-2336230 elementor-widget elementor-widget-google_maps\" data-id=\"2336230\" data-element_type=\"widget\" data-e-type=\"widget\" data-widget_type=\"google_maps.default\">\n\t\t\t\t<div class=\"elementor-widget-container\">\n\t\t\t\t\t\t\t<div class=\"elementor-custom-embed\">\n\t\t\t<iframe loading=\"lazy\"\n\t\t\t\t\tsrc=\"https:\/\/maps.google.com\/maps?q=Elf%C3%B3w%203%2F9%20tychy&#038;t=m&#038;z=12&#038;output=embed&#038;iwloc=near\"\n\t\t\t\t\ttitle=\"Elf\u00f3w 3\/9 tychy\"\n\t\t\t\t\taria-label=\"Elf\u00f3w 3\/9 tychy\"\n\t\t\t><\/iframe>\n\t\t<\/div>\n\t\t\t\t\t\t<\/div>\n\t\t\t\t<\/div>\n\t\t\t\t\t<\/div>\n\t\t<\/div>\n\t\t\t\t\t<\/div>\n\t\t<\/section>\n\t\t\t\t<\/div>\n\t\t","protected":false},"excerpt":{"rendered":"<p>O firmie Firma rozpocz\u0119\u0142a dzia\u0142alno\u015b\u0107 w 2019 roku, na bazie 20 lat do\u015bwiadcze\u0144 zdobytych podczas realizacji wielu projekt\u00f3w. Zdobyt\u0105 wiedz\u0119 i do\u015bwiadczenie wykorzystujemy dla dobra naszych Klient\u00f3w. Celem firmy jest zapewnienie najwy\u017cszej jako\u015bci realizowanych projekt\u00f3w. Staramy si\u0119 nieustanie poszerza\u0107 nasz\u0105 ofert\u0119 w oparciu zdobyte do\u015bwiadczenia i umiej\u0119tno\u015bci oraz poprzez szkolenia [&hellip;]<\/p>\n","protected":false},"author":1,"featured_media":0,"parent":0,"menu_order":0,"comment_status":"closed","ping_status":"closed","template":"page-templates\/template-pagebuilder-full-width.php","meta":{"footnotes":""},"class_list":["post-13","page","type-page","status-publish","hentry"],"_links":{"self":[{"href":"https:\/\/www.el39.pl\/index.php?rest_route=\/wp\/v2\/pages\/13","targetHints":{"allow":["GET"]}}],"collection":[{"href":"https:\/\/www.el39.pl\/index.php?rest_route=\/wp\/v2\/pages"}],"about":[{"href":"https:\/\/www.el39.pl\/index.php?rest_route=\/wp\/v2\/types\/page"}],"author":[{"embeddable":true,"href":"https:\/\/www.el39.pl\/index.php?rest_route=\/wp\/v2\/users\/1"}],"replies":[{"embeddable":true,"href":"https:\/\/www.el39.pl\/index.php?rest_route=%2Fwp%2Fv2%2Fcomments&post=13"}],"version-history":[{"count":7,"href":"https:\/\/www.el39.pl\/index.php?rest_route=\/wp\/v2\/pages\/13\/revisions"}],"predecessor-version":[{"id":38,"href":"https:\/\/www.el39.pl\/index.php?rest_route=\/wp\/v2\/pages\/13\/revisions\/38"}],"wp:attachment":[{"href":"https:\/\/www.el39.pl\/index.php?rest_route=%2Fwp%2Fv2%2Fmedia&parent=13"}],"curies":[{"name":"wp","href":"https:\/\/api.w.org\/{rel}","templated":true}]}}